{"id":798,"date":"2024-12-18T21:07:34","date_gmt":"2024-12-18T20:07:34","guid":{"rendered":"https:\/\/militarcustom.ch\/erstattungspolitik\/"},"modified":"2024-12-26T15:03:06","modified_gmt":"2024-12-26T14:03:06","slug":"erstattungspolitik","status":"publish","type":"page","link":"https:\/\/militarcustom.ch\/de\/erstattungspolitik\/","title":{"rendered":"Erstattungspolitik"},"content":{"rendered":"\t\t<div data-elementor-type=\"wp-page\" data-elementor-id=\"798\" class=\"elementor elementor-798 elementor-499\">\n\t\t\t\t<div class=\"elementor-element elementor-element-6319cd3 e-flex e-con-boxed e-con e-parent\" data-id=\"6319cd3\" data-element_type=\"container\" data-settings=\"{&quot;background_background&quot;:&quot;classic&quot;}\">\n\t\t\t\t\t<div class=\"e-con-inner\">\n\t\t<div class=\"elementor-element elementor-element-6bbb347 e-con-full e-flex e-con e-child\" data-id=\"6bbb347\" data-element_type=\"container\">\n\t\t<div class=\"elementor-element elementor-element-6d3ef6c e-con-full e-flex e-con e-child\" data-id=\"6d3ef6c\" data-element_type=\"container\">\n\t\t\t\t<div class=\"elementor-element elementor-element-ce8feb8 elementor-widget elementor-widget-heading\" data-id=\"ce8feb8\" data-element_type=\"widget\" data-widget_type=\"heading.default\">\n\t\t\t\t<div class=\"elementor-widget-container\">\n\t\t\t\t\t<h2 class=\"elementor-heading-title elementor-size-default\">Politik von<\/h2>\t\t\t\t<\/div>\n\t\t\t\t<\/div>\n\t\t\t\t<div class=\"elementor-element elementor-element-3aacc53 elementor-widget elementor-widget-heading\" data-id=\"3aacc53\" data-element_type=\"widget\" data-widget_type=\"heading.default\">\n\t\t\t\t<div class=\"elementor-widget-container\">\n\t\t\t\t\t<h2 class=\"elementor-heading-title elementor-size-default\">R\u00fcckerstattung<\/h2>\t\t\t\t<\/div>\n\t\t\t\t<\/div>\n\t\t\t\t<\/div>\n\t\t<div class=\"elementor-element elementor-element-c4ff74a e-con-full e-flex e-con e-child\" data-id=\"c4ff74a\" data-element_type=\"container\">\n\t\t<div class=\"elementor-element elementor-element-4489f05 e-con-full e-flex e-con e-child\" data-id=\"4489f05\" data-element_type=\"container\">\n\t\t\t\t<div class=\"elementor-element elementor-element-0798050 elementor-widget elementor-widget-image\" data-id=\"0798050\" data-element_type=\"widget\" data-widget_type=\"image.default\">\n\t\t\t\t<div class=\"elementor-widget-container\">\n\t\t\t\t\t\t\t\t\t\t\t\t\t\t\t<img decoding=\"async\" src=\"https:\/\/militarcustom.ch\/wp-content\/uploads\/elementor\/thumbs\/round-1-qykm087au556koh5by7h6gkhaoixz1dnr4dghimfhc.png\" title=\"round-1\" alt=\"round-1\" loading=\"lazy\" \/>\t\t\t\t\t\t\t\t\t\t\t\t\t\t\t<\/div>\n\t\t\t\t<\/div>\n\t\t\t\t<div class=\"elementor-element elementor-element-56c1222 elementor-widget elementor-widget-heading\" data-id=\"56c1222\" data-element_type=\"widget\" data-widget_type=\"heading.default\">\n\t\t\t\t<div class=\"elementor-widget-container\">\n\t\t\t\t\t<h2 class=\"elementor-heading-title elementor-size-default\">Auftrag erteilt\n<\/h2>\t\t\t\t<\/div>\n\t\t\t\t<\/div>\n\t\t\t\t<div class=\"elementor-element elementor-element-86acbba elementor-widget elementor-widget-heading\" data-id=\"86acbba\" data-element_type=\"widget\" data-widget_type=\"heading.default\">\n\t\t\t\t<div class=\"elementor-widget-container\">\n\t\t\t\t\t<h2 class=\"elementor-heading-title elementor-size-default\">Ihre Bestellung wird \u00fcber unseren Online-Personalisierer entgegengenommen.\n\n<\/h2>\t\t\t\t<\/div>\n\t\t\t\t<\/div>\n\t\t\t\t<\/div>\n\t\t<div class=\"elementor-element elementor-element-a71f00e e-con-full e-flex e-con e-child\" data-id=\"a71f00e\" data-element_type=\"container\">\n\t\t\t\t<div class=\"elementor-element elementor-element-73efe2a elementor-widget elementor-widget-image\" data-id=\"73efe2a\" data-element_type=\"widget\" data-widget_type=\"image.default\">\n\t\t\t\t<div class=\"elementor-widget-container\">\n\t\t\t\t\t\t\t\t\t\t\t\t\t\t\t<img decoding=\"async\" src=\"https:\/\/militarcustom.ch\/wp-content\/uploads\/elementor\/thumbs\/round-2-qykm05ds9n1blul8sezlgza3iiwuby2gqqf01oqm00.png\" title=\"round-2\" alt=\"round-2\" loading=\"lazy\" \/>\t\t\t\t\t\t\t\t\t\t\t\t\t\t\t<\/div>\n\t\t\t\t<\/div>\n\t\t\t\t<div class=\"elementor-element elementor-element-01b5c7a elementor-widget elementor-widget-heading\" data-id=\"01b5c7a\" data-element_type=\"widget\" data-widget_type=\"heading.default\">\n\t\t\t\t<div class=\"elementor-widget-container\">\n\t\t\t\t\t<h2 class=\"elementor-heading-title elementor-size-default\">Validierung des Designs\n<\/h2>\t\t\t\t<\/div>\n\t\t\t\t<\/div>\n\t\t\t\t<div class=\"elementor-element elementor-element-3b91aa9 elementor-widget elementor-widget-heading\" data-id=\"3b91aa9\" data-element_type=\"widget\" data-widget_type=\"heading.default\">\n\t\t\t\t<div class=\"elementor-widget-container\">\n\t\t\t\t\t<h2 class=\"elementor-heading-title elementor-size-default\">Innerhalb von 3 Werktagen erhalten Sie eine gescannte Version Ihres Namensschildes, die Sie sofort besticken k\u00f6nnen.\n\n<\/h2>\t\t\t\t<\/div>\n\t\t\t\t<\/div>\n\t\t\t\t<\/div>\n\t\t<div class=\"elementor-element elementor-element-7a6bf5c e-con-full e-flex e-con e-child\" data-id=\"7a6bf5c\" data-element_type=\"container\">\n\t\t\t\t<div class=\"elementor-element elementor-element-048f35b elementor-widget elementor-widget-image\" data-id=\"048f35b\" data-element_type=\"widget\" data-widget_type=\"image.default\">\n\t\t\t\t<div class=\"elementor-widget-container\">\n\t\t\t\t\t\t\t\t\t\t\t\t\t\t\t<img decoding=\"async\" src=\"https:\/\/militarcustom.ch\/wp-content\/uploads\/elementor\/thumbs\/3-qyklzvzedaogdqywbaxbs1nhko766z15dfw58x4jq8.png\" title=\"3\" alt=\"3\" loading=\"lazy\" \/>\t\t\t\t\t\t\t\t\t\t\t\t\t\t\t<\/div>\n\t\t\t\t<\/div>\n\t\t\t\t<div class=\"elementor-element elementor-element-fec8650 elementor-widget elementor-widget-heading\" data-id=\"fec8650\" data-element_type=\"widget\" data-widget_type=\"heading.default\">\n\t\t\t\t<div class=\"elementor-widget-container\">\n\t\t\t\t\t<h2 class=\"elementor-heading-title elementor-size-default\">Produktion\n<\/h2>\t\t\t\t<\/div>\n\t\t\t\t<\/div>\n\t\t\t\t<div class=\"elementor-element elementor-element-7a01cb0 elementor-widget elementor-widget-heading\" data-id=\"7a01cb0\" data-element_type=\"widget\" data-widget_type=\"heading.default\">\n\t\t\t\t<div class=\"elementor-widget-container\">\n\t\t\t\t\t<h2 class=\"elementor-heading-title elementor-size-default\">Nach Ihrer Freigabe beginnen wir mit der Produktion, die 2 bis 3 Wochen dauert.\n\n<\/h2>\t\t\t\t<\/div>\n\t\t\t\t<\/div>\n\t\t\t\t<\/div>\n\t\t\t\t<\/div>\n\t\t<div class=\"elementor-element elementor-element-fd6af7c e-con-full e-flex e-con e-child\" data-id=\"fd6af7c\" data-element_type=\"container\">\n\t\t\t\t<div class=\"elementor-element elementor-element-9e0ff6c elementor-widget elementor-widget-heading\" data-id=\"9e0ff6c\" data-element_type=\"widget\" data-widget_type=\"heading.default\">\n\t\t\t\t<div class=\"elementor-widget-container\">\n\t\t\t\t\t<h2 class=\"elementor-heading-title elementor-size-default\">Bedingungen f\u00fcr die R\u00fcckerstattung\n<\/h2>\t\t\t\t<\/div>\n\t\t\t\t<\/div>\n\t\t\t\t<\/div>\n\t\t<div class=\"elementor-element elementor-element-9e02d1f e-con-full e-flex e-con e-child\" data-id=\"9e02d1f\" data-element_type=\"container\" data-settings=\"{&quot;background_background&quot;:&quot;classic&quot;}\">\n\t\t<div class=\"elementor-element elementor-element-2195ecd e-con-full e-flex e-con e-child\" data-id=\"2195ecd\" data-element_type=\"container\">\n\t\t<div class=\"elementor-element elementor-element-51ee374 e-con-full e-flex e-con e-child\" data-id=\"51ee374\" data-element_type=\"container\" data-settings=\"{&quot;background_background&quot;:&quot;classic&quot;}\">\n\t\t\t\t<div class=\"elementor-element elementor-element-b73df18 e-transform elementor-view-default elementor-widget elementor-widget-icon\" data-id=\"b73df18\" data-element_type=\"widget\" data-settings=\"{&quot;_transform_translateY_effect&quot;:{&quot;unit&quot;:&quot;px&quot;,&quot;size&quot;:2,&quot;sizes&quot;:[]},&quot;_transform_translateX_effect&quot;:{&quot;unit&quot;:&quot;px&quot;,&quot;size&quot;:&quot;&quot;,&quot;sizes&quot;:[]},&quot;_transform_translateX_effect_tablet&quot;:{&quot;unit&quot;:&quot;px&quot;,&quot;size&quot;:&quot;&quot;,&quot;sizes&quot;:[]},&quot;_transform_translateX_effect_mobile&quot;:{&quot;unit&quot;:&quot;px&quot;,&quot;size&quot;:&quot;&quot;,&quot;sizes&quot;:[]},&quot;_transform_translateY_effect_tablet&quot;:{&quot;unit&quot;:&quot;px&quot;,&quot;size&quot;:&quot;&quot;,&quot;sizes&quot;:[]},&quot;_transform_translateY_effect_mobile&quot;:{&quot;unit&quot;:&quot;px&quot;,&quot;size&quot;:&quot;&quot;,&quot;sizes&quot;:[]}}\" data-widget_type=\"icon.default\">\n\t\t\t\t<div class=\"elementor-widget-container\">\n\t\t\t\t\t\t\t<div class=\"elementor-icon-wrapper\">\n\t\t\t<div class=\"elementor-icon\">\n\t\t\t<svg aria-hidden=\"true\" class=\"e-font-icon-svg e-fas-check\" viewBox=\"0 0 512 512\" xmlns=\"http:\/\/www.w3.org\/2000\/svg\"><path d=\"M173.898 439.404l-166.4-166.4c-9.997-9.997-9.997-26.206 0-36.204l36.203-36.204c9.997-9.998 26.207-9.998 36.204 0L192 312.69 432.095 72.596c9.997-9.997 26.207-9.997 36.204 0l36.203 36.204c9.997 9.997 9.997 26.206 0 36.204l-294.4 294.401c-9.998 9.997-26.207 9.997-36.204-.001z\"><\/path><\/svg>\t\t\t<\/div>\n\t\t<\/div>\n\t\t\t\t\t\t<\/div>\n\t\t\t\t<\/div>\n\t\t\t\t<\/div>\n\t\t<div class=\"elementor-element elementor-element-125a03e e-con-full e-flex e-con e-child\" data-id=\"125a03e\" data-element_type=\"container\">\n\t\t\t\t<div class=\"elementor-element elementor-element-c7d9b0c elementor-widget elementor-widget-heading\" data-id=\"c7d9b0c\" data-element_type=\"widget\" data-widget_type=\"heading.default\">\n\t\t\t\t<div class=\"elementor-widget-container\">\n\t\t\t\t\t<h2 class=\"elementor-heading-title elementor-size-default\">Vor der Designfreigabe\n<\/h2>\t\t\t\t<\/div>\n\t\t\t\t<\/div>\n\t\t\t\t<div class=\"elementor-element elementor-element-809dbea elementor-widget elementor-widget-heading\" data-id=\"809dbea\" data-element_type=\"widget\" data-widget_type=\"heading.default\">\n\t\t\t\t<div class=\"elementor-widget-container\">\n\t\t\t\t\t<h2 class=\"elementor-heading-title elementor-size-default\">Vollst\u00e4ndige R\u00fcckerstattung m\u00f6glich, wenn Sie mit der vorgeschlagenen digitalisierten Version nicht zufrieden sind.\n\n<\/h2>\t\t\t\t<\/div>\n\t\t\t\t<\/div>\n\t\t\t\t<\/div>\n\t\t\t\t<\/div>\n\t\t\t\t<\/div>\n\t\t<div class=\"elementor-element elementor-element-32b6ff8 e-con-full e-flex e-con e-child\" data-id=\"32b6ff8\" data-element_type=\"container\" data-settings=\"{&quot;background_background&quot;:&quot;classic&quot;}\">\n\t\t<div class=\"elementor-element elementor-element-d70f669 e-con-full e-flex e-con e-child\" data-id=\"d70f669\" data-element_type=\"container\">\n\t\t<div class=\"elementor-element elementor-element-199252a e-con-full e-flex e-con e-child\" data-id=\"199252a\" data-element_type=\"container\" data-settings=\"{&quot;background_background&quot;:&quot;classic&quot;}\">\n\t\t\t\t<div class=\"elementor-element elementor-element-4b186d9 elementor-widget elementor-widget-html\" data-id=\"4b186d9\" data-element_type=\"widget\" data-widget_type=\"html.default\">\n\t\t\t\t<div class=\"elementor-widget-container\">\n\t\t\t\t\t<svg width=\"24\" height=\"24\" viewbox=\"0 0 24 24\" fill=\"none\">\n                        <path d=\"M12 2L2 22h20L12 2zm0 7v6m0 2v2\" stroke=\"#e74c3c\" stroke-width=\"2\" stroke-linecap=\"round\"\/>\n                    <\/svg>\t\t\t\t<\/div>\n\t\t\t\t<\/div>\n\t\t\t\t<\/div>\n\t\t<div class=\"elementor-element elementor-element-7ad68af e-con-full e-flex e-con e-child\" data-id=\"7ad68af\" data-element_type=\"container\">\n\t\t\t\t<div class=\"elementor-element elementor-element-67b6dc0 elementor-widget elementor-widget-heading\" data-id=\"67b6dc0\" data-element_type=\"widget\" data-widget_type=\"heading.default\">\n\t\t\t\t<div class=\"elementor-widget-container\">\n\t\t\t\t\t<h2 class=\"elementor-heading-title elementor-size-default\">Nach der Best\u00e4tigung des Designs\n<\/h2>\t\t\t\t<\/div>\n\t\t\t\t<\/div>\n\t\t\t\t<div class=\"elementor-element elementor-element-cc03a9a elementor-widget elementor-widget-heading\" data-id=\"cc03a9a\" data-element_type=\"widget\" data-widget_type=\"heading.default\">\n\t\t\t\t<div class=\"elementor-widget-container\">\n\t\t\t\t\t<h2 class=\"elementor-heading-title elementor-size-default\">Sobald das Design validiert wurde und die Produktion begonnen hat, ist keine R\u00fcckerstattung mehr m\u00f6glich.\n\n<\/h2>\t\t\t\t<\/div>\n\t\t\t\t<\/div>\n\t\t\t\t<\/div>\n\t\t\t\t<\/div>\n\t\t\t\t<\/div>\n\t\t<div class=\"elementor-element elementor-element-73472b3 e-con-full e-flex e-con e-child\" data-id=\"73472b3\" data-element_type=\"container\" data-settings=\"{&quot;background_background&quot;:&quot;classic&quot;}\">\n\t\t\t\t<div class=\"elementor-element elementor-element-d4a3c9a elementor-widget elementor-widget-heading\" data-id=\"d4a3c9a\" data-element_type=\"widget\" data-widget_type=\"heading.default\">\n\t\t\t\t<div class=\"elementor-widget-container\">\n\t\t\t\t\t<h2 class=\"elementor-heading-title elementor-size-default\">Wichtige Punkte, die Sie sich merken sollten\n<\/h2>\t\t\t\t<\/div>\n\t\t\t\t<\/div>\n\t\t<div class=\"elementor-element elementor-element-3369152 e-con-full e-flex e-con e-child\" data-id=\"3369152\" data-element_type=\"container\">\n\t\t\t\t<div class=\"elementor-element elementor-element-4603e94 elementor-widget elementor-widget-heading\" data-id=\"4603e94\" data-element_type=\"widget\" data-widget_type=\"heading.default\">\n\t\t\t\t<div class=\"elementor-widget-container\">\n\t\t\t\t\t<h2 class=\"elementor-heading-title elementor-size-default\">\u00b7<\/h2>\t\t\t\t<\/div>\n\t\t\t\t<\/div>\n\t\t\t\t<div class=\"elementor-element elementor-element-637faa2 elementor-widget elementor-widget-heading\" data-id=\"637faa2\" data-element_type=\"widget\" data-widget_type=\"heading.default\">\n\t\t\t\t<div class=\"elementor-widget-container\">\n\t\t\t\t\t<h2 class=\"elementor-heading-title elementor-size-default\">Pr\u00fcfen Sie die gescannte Version vor der Validierung sorgf\u00e4ltig.\n<\/h2>\t\t\t\t<\/div>\n\t\t\t\t<\/div>\n\t\t\t\t<\/div>\n\t\t<div class=\"elementor-element elementor-element-2e19fc1 e-con-full e-flex e-con e-child\" data-id=\"2e19fc1\" data-element_type=\"container\">\n\t\t\t\t<div class=\"elementor-element elementor-element-1830eea elementor-widget elementor-widget-heading\" data-id=\"1830eea\" data-element_type=\"widget\" data-widget_type=\"heading.default\">\n\t\t\t\t<div class=\"elementor-widget-container\">\n\t\t\t\t\t<h2 class=\"elementor-heading-title elementor-size-default\">\u00b7<\/h2>\t\t\t\t<\/div>\n\t\t\t\t<\/div>\n\t\t\t\t<div class=\"elementor-element elementor-element-2d9e8c3 elementor-widget elementor-widget-heading\" data-id=\"2d9e8c3\" data-element_type=\"widget\" data-widget_type=\"heading.default\">\n\t\t\t\t<div class=\"elementor-widget-container\">\n\t\t\t\t\t<h2 class=\"elementor-heading-title elementor-size-default\">Die Produktion startet sofort nach Ihrer Best\u00e4tigung\n<\/h2>\t\t\t\t<\/div>\n\t\t\t\t<\/div>\n\t\t\t\t<\/div>\n\t\t<div class=\"elementor-element elementor-element-3d9b621 e-con-full e-flex e-con e-child\" data-id=\"3d9b621\" data-element_type=\"container\">\n\t\t\t\t<div class=\"elementor-element elementor-element-926c5f0 elementor-widget elementor-widget-heading\" data-id=\"926c5f0\" data-element_type=\"widget\" data-widget_type=\"heading.default\">\n\t\t\t\t<div class=\"elementor-widget-container\">\n\t\t\t\t\t<h2 class=\"elementor-heading-title elementor-size-default\">\u00b7<\/h2>\t\t\t\t<\/div>\n\t\t\t\t<\/div>\n\t\t\t\t<div class=\"elementor-element elementor-element-f74f70b elementor-widget elementor-widget-heading\" data-id=\"f74f70b\" data-element_type=\"widget\" data-widget_type=\"heading.default\">\n\t\t\t\t<div class=\"elementor-widget-container\">\n\t\t\t\t\t<h2 class=\"elementor-heading-title elementor-size-default\">Die Produktionszeit betr\u00e4gt 2 bis 3 Wochen.\n<\/h2>\t\t\t\t<\/div>\n\t\t\t\t<\/div>\n\t\t\t\t<\/div>\n\t\t<div class=\"elementor-element elementor-element-775b962 e-con-full e-flex e-con e-child\" data-id=\"775b962\" data-element_type=\"container\">\n\t\t\t\t<div class=\"elementor-element elementor-element-403d258 elementor-widget elementor-widget-heading\" data-id=\"403d258\" data-element_type=\"widget\" data-widget_type=\"heading.default\">\n\t\t\t\t<div class=\"elementor-widget-container\">\n\t\t\t\t\t<h2 class=\"elementor-heading-title elementor-size-default\">\u00b7<\/h2>\t\t\t\t<\/div>\n\t\t\t\t<\/div>\n\t\t\t\t<div class=\"elementor-element elementor-element-8c18057 elementor-widget elementor-widget-heading\" data-id=\"8c18057\" data-element_type=\"widget\" data-widget_type=\"heading.default\">\n\t\t\t\t<div class=\"elementor-widget-container\">\n\t\t\t\t\t<h2 class=\"elementor-heading-title elementor-size-default\">Jedes Abzeichen ist individuell und wird auf Bestellung produziert.\n<\/h2>\t\t\t\t<\/div>\n\t\t\t\t<\/div>\n\t\t\t\t<\/div>\n\t\t\t\t<\/div>\n\t\t<div class=\"elementor-element elementor-element-11a8b17 e-con-full e-flex e-con e-child\" data-id=\"11a8b17\" data-element_type=\"container\" data-settings=\"{&quot;background_background&quot;:&quot;classic&quot;}\">\n\t\t<div class=\"elementor-element elementor-element-0be0de7 e-con-full e-flex e-con e-child\" data-id=\"0be0de7\" data-element_type=\"container\">\n\t\t\t\t<div class=\"elementor-element elementor-element-25a0267 elementor-widget elementor-widget-heading\" data-id=\"25a0267\" data-element_type=\"widget\" data-widget_type=\"heading.default\">\n\t\t\t\t<div class=\"elementor-widget-container\">\n\t\t\t\t\t<h2 class=\"elementor-heading-title elementor-size-default\">Haben Sie Fragen?\n<\/h2>\t\t\t\t<\/div>\n\t\t\t\t<\/div>\n\t\t\t\t<\/div>\n\t\t<div class=\"elementor-element elementor-element-bbdb092 e-con-full e-flex e-con e-child\" data-id=\"bbdb092\" data-element_type=\"container\">\n\t\t\t\t<div class=\"elementor-element elementor-element-f4ed32d elementor-widget elementor-widget-heading\" data-id=\"f4ed32d\" data-element_type=\"widget\" data-widget_type=\"heading.default\">\n\t\t\t\t<div class=\"elementor-widget-container\">\n\t\t\t\t\t<h2 class=\"elementor-heading-title elementor-size-default\">Bei Fragen zu unseren Allgemeinen Gesch\u00e4ftsbedingungen :\n\n<\/h2>\t\t\t\t<\/div>\n\t\t\t\t<\/div>\n\t\t\t\t<\/div>\n\t\t<div class=\"elementor-element elementor-element-0641589 e-con-full e-flex e-con e-child\" data-id=\"0641589\" data-element_type=\"container\">\n\t\t\t\t<div class=\"elementor-element elementor-element-d4f7aa4 elementor-widget elementor-widget-button\" data-id=\"d4f7aa4\" data-element_type=\"widget\" data-widget_type=\"button.default\">\n\t\t\t\t<div class=\"elementor-widget-container\">\n\t\t\t\t\t\t\t\t\t<div class=\"elementor-button-wrapper\">\n\t\t\t\t\t<a class=\"elementor-button elementor-button-link elementor-size-sm\" href=\"https:\/\/militarcustom.ch\/de\/kontakt\/\">\n\t\t\t\t\t\t<span class=\"elementor-button-content-wrapper\">\n\t\t\t\t\t\t\t\t\t<span class=\"elementor-button-text\">Kontaktieren Sie uns<\/span>\n\t\t\t\t\t<\/span>\n\t\t\t\t\t<\/a>\n\t\t\t\t<\/div>\n\t\t\t\t\t\t\t\t<\/div>\n\t\t\t\t<\/div>\n\t\t\t\t<\/div>\n\t\t\t\t<\/div>\n\t\t\t\t<\/div>\n\t\t\t\t\t<\/div>\n\t\t\t\t<\/div>\n\t\t\t\t<\/div>\n\t\t","protected":false},"excerpt":{"rendered":"<p>Politik von R\u00fcckerstattung Auftrag erteilt Ihre Bestellung wird \u00fcber unseren Online-Personalisierer entgegengenommen. Validierung des Designs Innerhalb von 3 Werktagen erhalten Sie eine gescannte Version Ihres Namensschildes, die Sie sofort besticken k\u00f6nnen. Produktion Nach Ihrer Freigabe beginnen wir mit der Produktion, die 2 bis 3 Wochen dauert. Bedingungen f\u00fcr die R\u00fcckerstattung Vor der Designfreigabe Vollst\u00e4ndige R\u00fcckerstattung [&hellip;]<\/p>\n","protected":false},"author":2,"featured_media":0,"parent":0,"menu_order":0,"comment_status":"closed","ping_status":"closed","template":"","meta":{"footnotes":""},"class_list":["post-798","page","type-page","status-publish","hentry"],"blocksy_meta":[],"_links":{"self":[{"href":"https:\/\/militarcustom.ch\/de\/wp-json\/wp\/v2\/pages\/798","targetHints":{"allow":["GET"]}}],"collection":[{"href":"https:\/\/militarcustom.ch\/de\/wp-json\/wp\/v2\/pages"}],"about":[{"href":"https:\/\/militarcustom.ch\/de\/wp-json\/wp\/v2\/types\/page"}],"author":[{"embeddable":true,"href":"https:\/\/militarcustom.ch\/de\/wp-json\/wp\/v2\/users\/2"}],"replies":[{"embeddable":true,"href":"https:\/\/militarcustom.ch\/de\/wp-json\/wp\/v2\/comments?post=798"}],"version-history":[{"count":1,"href":"https:\/\/militarcustom.ch\/de\/wp-json\/wp\/v2\/pages\/798\/revisions"}],"predecessor-version":[{"id":799,"href":"https:\/\/militarcustom.ch\/de\/wp-json\/wp\/v2\/pages\/798\/revisions\/799"}],"wp:attachment":[{"href":"https:\/\/militarcustom.ch\/de\/wp-json\/wp\/v2\/media?parent=798"}],"curies":[{"name":"wp","href":"https:\/\/api.w.org\/{rel}","templated":true}]}}